{"id":116,"date":"2024-02-23T21:30:42","date_gmt":"2024-02-23T20:30:42","guid":{"rendered":"https:\/\/circ-residences-hollywood.com\/?page_id=116"},"modified":"2024-02-27T15:53:34","modified_gmt":"2024-02-27T20:53:34","slug":"amenities","status":"publish","type":"page","link":"https:\/\/circ-residences-hollywood.com\/es\/servicios\/","title":{"rendered":"Servicios"},"content":{"rendered":"<div data-elementor-type=\"wp-page\" data-elementor-id=\"116\" class=\"elementor elementor-116\" data-elementor-post-type=\"page\">\n\t\t\t\t<div class=\"elementor-element elementor-element-7f0c8e1 e-flex e-con-boxed e-con e-parent\" data-id=\"7f0c8e1\" data-element_type=\"container\">\n\t\t\t\t\t<div class=\"e-con-inner\">\n\t\t\t\t<div class=\"elementor-element elementor-element-2927f3c elementor-widget__width-initial elementor-widget elementor-widget-text-editor\" data-id=\"2927f3c\" data-element_type=\"widget\" data-widget_type=\"text-editor.default\">\n\t\t\t\t<div class=\"elementor-widget-container\">\n\t\t\t\t\t\t\t\t\t<p>Nuestros servicios est\u00e1n dise\u00f1ados para mejorar su experiencia al siguiente nivel. Cada aspecto de Circ Residences refleja el arte de vivir bien.<\/p><p>Rel\u00e1jese en las caba\u00f1as junto a la piscina, tomando el sol de Florida con estilo. Celebre reuniones inolvidables en la cocina exterior con parrillas. Alcance sus objetivos de fitness en nuestro gimnasio de \u00faltima generaci\u00f3n con pesas libres y m\u00e1quinas de cardio.<\/p>\t\t\t\t\t\t\t\t<\/div>\n\t\t\t\t<\/div>\n\t\t\t\t<div class=\"elementor-element elementor-element-7a5a567 elementor-widget elementor-widget-gallery\" data-id=\"7a5a567\" data-element_type=\"widget\" data-settings=\"{&quot;columns&quot;:3,&quot;lazyload&quot;:&quot;yes&quot;,&quot;gallery_layout&quot;:&quot;grid&quot;,&quot;columns_tablet&quot;:2,&quot;columns_mobile&quot;:1,&quot;gap&quot;:{&quot;unit&quot;:&quot;px&quot;,&quot;size&quot;:10,&quot;sizes&quot;:[]},&quot;gap_tablet&quot;:{&quot;unit&quot;:&quot;px&quot;,&quot;size&quot;:10,&quot;sizes&quot;:[]},&quot;gap_mobile&quot;:{&quot;unit&quot;:&quot;px&quot;,&quot;size&quot;:10,&quot;sizes&quot;:[]},&quot;link_to&quot;:&quot;file&quot;,&quot;aspect_ratio&quot;:&quot;3:2&quot;,&quot;overlay_background&quot;:&quot;yes&quot;,&quot;content_hover_animation&quot;:&quot;fade-in&quot;}\" data-widget_type=\"gallery.default\">\n\t\t\t\t<div class=\"elementor-widget-container\">\n\t\t\t\t\t\t\t<div class=\"elementor-gallery__container\">\n\t\t\t\t\t\t\t<a class=\"e-gallery-item elementor-gallery-item elementor-animated-content\" href=\"https:\/\/circ-residences-hollywood.com\/wp-content\/uploads\/sites\/5\/2024\/02\/Rendering-6-scaled.jpg\" data-elementor-open-lightbox=\"yes\" data-elementor-lightbox-slideshow=\"7a5a567\" data-elementor-lightbox-title=\"Rendering 6\" data-e-action-hash=\"#elementor-action%3Aaction%3Dlightbox%26settings%3DeyJpZCI6NjQwLCJ1cmwiOiJodHRwczpcL1wvY2lyYy1yZXNpZGVuY2VzLWhvbGx5d29vZC5jb21cL3dwLWNvbnRlbnRcL3VwbG9hZHNcL3NpdGVzXC81XC8yMDI0XC8wMlwvUmVuZGVyaW5nLTYtc2NhbGVkLmpwZyIsInNsaWRlc2hvdyI6IjdhNWE1NjcifQ%3D%3D\">\n\t\t\t\t\t<div class=\"e-gallery-image elementor-gallery-item__image\" data-thumbnail=\"https:\/\/circ-residences-hollywood.com\/wp-content\/uploads\/sites\/5\/2024\/02\/Rendering-6-1024x576.jpg\" data-width=\"800\" data-height=\"450\" aria-label=\"\" role=\"img\" ><\/div>\n\t\t\t\t\t\t\t\t\t\t\t<div class=\"elementor-gallery-item__overlay\"><\/div>\n\t\t\t\t\t\t\t\t\t\t\t\t\t\t<\/a>\n\t\t\t\t\t\t\t<a class=\"e-gallery-item elementor-gallery-item elementor-animated-content\" href=\"https:\/\/circ-residences-hollywood.com\/wp-content\/uploads\/sites\/5\/2024\/02\/Rendering-4.jpg\" data-elementor-open-lightbox=\"yes\" data-elementor-lightbox-slideshow=\"7a5a567\" data-elementor-lightbox-title=\"Rendering 4\" data-e-action-hash=\"#elementor-action%3Aaction%3Dlightbox%26settings%3DeyJpZCI6NjM5LCJ1cmwiOiJodHRwczpcL1wvY2lyYy1yZXNpZGVuY2VzLWhvbGx5d29vZC5jb21cL3dwLWNvbnRlbnRcL3VwbG9hZHNcL3NpdGVzXC81XC8yMDI0XC8wMlwvUmVuZGVyaW5nLTQuanBnIiwic2xpZGVzaG93IjoiN2E1YTU2NyJ9\">\n\t\t\t\t\t<div class=\"e-gallery-image elementor-gallery-item__image\" data-thumbnail=\"https:\/\/circ-residences-hollywood.com\/wp-content\/uploads\/sites\/5\/2024\/02\/Rendering-4-1024x576.jpg\" data-width=\"800\" data-height=\"450\" aria-label=\"\" role=\"img\" ><\/div>\n\t\t\t\t\t\t\t\t\t\t\t<div class=\"elementor-gallery-item__overlay\"><\/div>\n\t\t\t\t\t\t\t\t\t\t\t\t\t\t<\/a>\n\t\t\t\t\t\t\t<a class=\"e-gallery-item elementor-gallery-item elementor-animated-content\" href=\"https:\/\/circ-residences-hollywood.com\/wp-content\/uploads\/sites\/5\/2024\/02\/Rendering-9.jpg\" data-elementor-open-lightbox=\"yes\" data-elementor-lightbox-slideshow=\"7a5a567\" data-elementor-lightbox-title=\"Rendering 9\" data-e-action-hash=\"#elementor-action%3Aaction%3Dlightbox%26settings%3DeyJpZCI6NjQ0LCJ1cmwiOiJodHRwczpcL1wvY2lyYy1yZXNpZGVuY2VzLWhvbGx5d29vZC5jb21cL3dwLWNvbnRlbnRcL3VwbG9hZHNcL3NpdGVzXC81XC8yMDI0XC8wMlwvUmVuZGVyaW5nLTkuanBnIiwic2xpZGVzaG93IjoiN2E1YTU2NyJ9\">\n\t\t\t\t\t<div class=\"e-gallery-image elementor-gallery-item__image\" data-thumbnail=\"https:\/\/circ-residences-hollywood.com\/wp-content\/uploads\/sites\/5\/2024\/02\/Rendering-9-1024x576.jpg\" data-width=\"800\" data-height=\"450\" aria-label=\"\" role=\"img\" ><\/div>\n\t\t\t\t\t\t\t\t\t\t\t<div class=\"elementor-gallery-item__overlay\"><\/div>\n\t\t\t\t\t\t\t\t\t\t\t\t\t\t<\/a>\n\t\t\t\t\t\t\t<a class=\"e-gallery-item elementor-gallery-item elementor-animated-content\" href=\"https:\/\/circ-residences-hollywood.com\/wp-content\/uploads\/sites\/5\/2024\/02\/IMGM3374-Edit-2.jpg\" data-elementor-open-lightbox=\"yes\" data-elementor-lightbox-slideshow=\"7a5a567\" data-elementor-lightbox-title=\"IMGM3374-Edit (2)\" data-e-action-hash=\"#elementor-action%3Aaction%3Dlightbox%26settings%3DeyJpZCI6NjM4LCJ1cmwiOiJodHRwczpcL1wvY2lyYy1yZXNpZGVuY2VzLWhvbGx5d29vZC5jb21cL3dwLWNvbnRlbnRcL3VwbG9hZHNcL3NpdGVzXC81XC8yMDI0XC8wMlwvSU1HTTMzNzQtRWRpdC0yLmpwZyIsInNsaWRlc2hvdyI6IjdhNWE1NjcifQ%3D%3D\">\n\t\t\t\t\t<div class=\"e-gallery-image elementor-gallery-item__image\" data-thumbnail=\"https:\/\/circ-residences-hollywood.com\/wp-content\/uploads\/sites\/5\/2024\/02\/IMGM3374-Edit-2-1024x683.jpg\" data-width=\"800\" data-height=\"534\" aria-label=\"\" role=\"img\" ><\/div>\n\t\t\t\t\t\t\t\t\t\t\t<div class=\"elementor-gallery-item__overlay\"><\/div>\n\t\t\t\t\t\t\t\t\t\t\t\t\t\t<\/a>\n\t\t\t\t\t\t\t<a class=\"e-gallery-item elementor-gallery-item elementor-animated-content\" href=\"https:\/\/circ-residences-hollywood.com\/wp-content\/uploads\/sites\/5\/2024\/02\/Rendering-7-scaled.jpg\" data-elementor-open-lightbox=\"yes\" data-elementor-lightbox-slideshow=\"7a5a567\" data-elementor-lightbox-title=\"Rendering 7\" data-e-action-hash=\"#elementor-action%3Aaction%3Dlightbox%26settings%3DeyJpZCI6NjQxLCJ1cmwiOiJodHRwczpcL1wvY2lyYy1yZXNpZGVuY2VzLWhvbGx5d29vZC5jb21cL3dwLWNvbnRlbnRcL3VwbG9hZHNcL3NpdGVzXC81XC8yMDI0XC8wMlwvUmVuZGVyaW5nLTctc2NhbGVkLmpwZyIsInNsaWRlc2hvdyI6IjdhNWE1NjcifQ%3D%3D\">\n\t\t\t\t\t<div class=\"e-gallery-image elementor-gallery-item__image\" data-thumbnail=\"https:\/\/circ-residences-hollywood.com\/wp-content\/uploads\/sites\/5\/2024\/02\/Rendering-7-1024x576.jpg\" data-width=\"800\" data-height=\"450\" aria-label=\"\" role=\"img\" ><\/div>\n\t\t\t\t\t\t\t\t\t\t\t<div class=\"elementor-gallery-item__overlay\"><\/div>\n\t\t\t\t\t\t\t\t\t\t\t\t\t\t<\/a>\n\t\t\t\t\t\t\t<a class=\"e-gallery-item elementor-gallery-item elementor-animated-content\" href=\"https:\/\/circ-residences-hollywood.com\/wp-content\/uploads\/sites\/5\/2024\/02\/Rendering-2.jpg\" data-elementor-open-lightbox=\"yes\" data-elementor-lightbox-slideshow=\"7a5a567\" data-elementor-lightbox-title=\"Rendering 2\" data-e-action-hash=\"#elementor-action%3Aaction%3Dlightbox%26settings%3DeyJpZCI6NzA3LCJ1cmwiOiJodHRwczpcL1wvY2lyYy1yZXNpZGVuY2VzLWhvbGx5d29vZC5jb21cL3dwLWNvbnRlbnRcL3VwbG9hZHNcL3NpdGVzXC81XC8yMDI0XC8wMlwvUmVuZGVyaW5nLTIuanBnIiwic2xpZGVzaG93IjoiN2E1YTU2NyJ9\">\n\t\t\t\t\t<div class=\"e-gallery-image elementor-gallery-item__image\" data-thumbnail=\"https:\/\/circ-residences-hollywood.com\/wp-content\/uploads\/sites\/5\/2024\/02\/Rendering-2-1024x576.jpg\" data-width=\"800\" data-height=\"450\" aria-label=\"\" role=\"img\" ><\/div>\n\t\t\t\t\t\t\t\t\t\t\t<div class=\"elementor-gallery-item__overlay\"><\/div>\n\t\t\t\t\t\t\t\t\t\t\t\t\t\t<\/a>\n\t\t\t\t\t<\/div>\n\t\t\t\t\t<\/div>\n\t\t\t\t<\/div>\n\t\t\t\t\t<\/div>\n\t\t\t\t<\/div>\n\t\t\t\t<\/div>","protected":false},"excerpt":{"rendered":"<p>Nuestros servicios est\u00e1n dise\u00f1ados para mejorar su experiencia al siguiente nivel. Cada aspecto de Circ Residences refleja el arte de vivir bien. Rel\u00e1jese en las caba\u00f1as junto a la piscina, tomando el sol de Florida con estilo. Celebre reuniones inolvidables en la cocina exterior con parrillas. Alcance sus objetivos de fitness en nuestro gimnasio de \u00faltima generaci\u00f3n con [...]<\/p>","protected":false},"author":1,"featured_media":0,"parent":0,"menu_order":0,"comment_status":"closed","ping_status":"closed","template":"","meta":{"_acf_changed":false,"inline_featured_image":false,"footnotes":"","_joinchat":[]},"acf":[],"yoast_head":"<!-- This site is optimized with the Yoast SEO plugin v23.5 - https:\/\/yoast.com\/wordpress\/plugins\/seo\/ -->\n<title>Amenities - Circle Residences Hollywood<\/title>\n<meta name=\"robots\" content=\"index, follow, max-snippet:-1, max-image-preview:large, max-video-preview:-1\" \/>\n<link rel=\"canonical\" href=\"https:\/\/circ-residences-hollywood.com\/es\/servicios\/\" \/>\n<meta property=\"og:locale\" content=\"es_ES\" \/>\n<meta property=\"og:type\" content=\"article\" \/>\n<meta property=\"og:title\" content=\"Amenities - Circle Residences Hollywood\" \/>\n<meta property=\"og:description\" content=\"Our amenities are crafted to enhance your experience to the next level. Each aspect of Circ Residences reflects the art of living well. Lounge by the poolside cabanas, soaking up the Florida sun in style. Host unforgettable gatherings in the outdoor kitchen with grills. Achieve your fitness goals in our state-of-the-art fitness center with free [&hellip;]\" \/>\n<meta property=\"og:url\" content=\"https:\/\/circ-residences-hollywood.com\/es\/servicios\/\" \/>\n<meta property=\"og:site_name\" content=\"Circle Residences Hollywood\" \/>\n<meta property=\"article:modified_time\" content=\"2024-02-27T20:53:34+00:00\" \/>\n<meta name=\"twitter:card\" content=\"summary_large_image\" \/>\n<meta name=\"twitter:label1\" content=\"Tiempo de lectura\" \/>\n\t<meta name=\"twitter:data1\" content=\"1 minuto\" \/>\n<script type=\"application\/ld+json\" class=\"yoast-schema-graph\">{\"@context\":\"https:\/\/schema.org\",\"@graph\":[{\"@type\":\"WebPage\",\"@id\":\"https:\/\/circ-residences-hollywood.com\/amenities\/\",\"url\":\"https:\/\/circ-residences-hollywood.com\/amenities\/\",\"name\":\"Amenities - Circle Residences Hollywood\",\"isPartOf\":{\"@id\":\"https:\/\/circ-residences-hollywood.com\/#website\"},\"datePublished\":\"2024-02-23T20:30:42+00:00\",\"dateModified\":\"2024-02-27T20:53:34+00:00\",\"breadcrumb\":{\"@id\":\"https:\/\/circ-residences-hollywood.com\/amenities\/#breadcrumb\"},\"inLanguage\":\"es\",\"potentialAction\":[{\"@type\":\"ReadAction\",\"target\":[\"https:\/\/circ-residences-hollywood.com\/amenities\/\"]}]},{\"@type\":\"BreadcrumbList\",\"@id\":\"https:\/\/circ-residences-hollywood.com\/amenities\/#breadcrumb\",\"itemListElement\":[{\"@type\":\"ListItem\",\"position\":1,\"name\":\"Home\",\"item\":\"https:\/\/circ-residences-hollywood.com\/\"},{\"@type\":\"ListItem\",\"position\":2,\"name\":\"Amenities\"}]},{\"@type\":\"WebSite\",\"@id\":\"https:\/\/circ-residences-hollywood.com\/#website\",\"url\":\"https:\/\/circ-residences-hollywood.com\/\",\"name\":\"Circle Residences Hollywood\",\"description\":\"\",\"potentialAction\":[{\"@type\":\"SearchAction\",\"target\":{\"@type\":\"EntryPoint\",\"urlTemplate\":\"https:\/\/circ-residences-hollywood.com\/?s={search_term_string}\"},\"query-input\":{\"@type\":\"PropertyValueSpecification\",\"valueRequired\":true,\"valueName\":\"search_term_string\"}}],\"inLanguage\":\"es\"}]}<\/script>\n<!-- \/ Yoast SEO plugin. -->","yoast_head_json":{"title":"Amenities - Circle Residences Hollywood","robots":{"index":"index","follow":"follow","max-snippet":"max-snippet:-1","max-image-preview":"max-image-preview:large","max-video-preview":"max-video-preview:-1"},"canonical":"https:\/\/circ-residences-hollywood.com\/es\/servicios\/","og_locale":"es_ES","og_type":"article","og_title":"Amenities - Circle Residences Hollywood","og_description":"Our amenities are crafted to enhance your experience to the next level. Each aspect of Circ Residences reflects the art of living well. Lounge by the poolside cabanas, soaking up the Florida sun in style. Host unforgettable gatherings in the outdoor kitchen with grills. Achieve your fitness goals in our state-of-the-art fitness center with free [&hellip;]","og_url":"https:\/\/circ-residences-hollywood.com\/es\/servicios\/","og_site_name":"Circle Residences Hollywood","article_modified_time":"2024-02-27T20:53:34+00:00","twitter_card":"summary_large_image","twitter_misc":{"Tiempo de lectura":"1 minuto"},"schema":{"@context":"https:\/\/schema.org","@graph":[{"@type":"WebPage","@id":"https:\/\/circ-residences-hollywood.com\/amenities\/","url":"https:\/\/circ-residences-hollywood.com\/amenities\/","name":"Amenities - Circle Residences Hollywood","isPartOf":{"@id":"https:\/\/circ-residences-hollywood.com\/#website"},"datePublished":"2024-02-23T20:30:42+00:00","dateModified":"2024-02-27T20:53:34+00:00","breadcrumb":{"@id":"https:\/\/circ-residences-hollywood.com\/amenities\/#breadcrumb"},"inLanguage":"es","potentialAction":[{"@type":"ReadAction","target":["https:\/\/circ-residences-hollywood.com\/amenities\/"]}]},{"@type":"BreadcrumbList","@id":"https:\/\/circ-residences-hollywood.com\/amenities\/#breadcrumb","itemListElement":[{"@type":"ListItem","position":1,"name":"Home","item":"https:\/\/circ-residences-hollywood.com\/"},{"@type":"ListItem","position":2,"name":"Amenities"}]},{"@type":"WebSite","@id":"https:\/\/circ-residences-hollywood.com\/#website","url":"https:\/\/circ-residences-hollywood.com\/","name":"Circle Residences Hollywood","description":"","potentialAction":[{"@type":"SearchAction","target":{"@type":"EntryPoint","urlTemplate":"https:\/\/circ-residences-hollywood.com\/?s={search_term_string}"},"query-input":{"@type":"PropertyValueSpecification","valueRequired":true,"valueName":"search_term_string"}}],"inLanguage":"es"}]}},"_links":{"self":[{"href":"https:\/\/circ-residences-hollywood.com\/es\/wp-json\/wp\/v2\/pages\/116"}],"collection":[{"href":"https:\/\/circ-residences-hollywood.com\/es\/wp-json\/wp\/v2\/pages"}],"about":[{"href":"https:\/\/circ-residences-hollywood.com\/es\/wp-json\/wp\/v2\/types\/page"}],"author":[{"embeddable":true,"href":"https:\/\/circ-residences-hollywood.com\/es\/wp-json\/wp\/v2\/users\/1"}],"replies":[{"embeddable":true,"href":"https:\/\/circ-residences-hollywood.com\/es\/wp-json\/wp\/v2\/comments?post=116"}],"version-history":[{"count":22,"href":"https:\/\/circ-residences-hollywood.com\/es\/wp-json\/wp\/v2\/pages\/116\/revisions"}],"predecessor-version":[{"id":710,"href":"https:\/\/circ-residences-hollywood.com\/es\/wp-json\/wp\/v2\/pages\/116\/revisions\/710"}],"wp:attachment":[{"href":"https:\/\/circ-residences-hollywood.com\/es\/wp-json\/wp\/v2\/media?parent=116"}],"curies":[{"name":"wp","href":"https:\/\/api.w.org\/{rel}","templated":true}]}}