{"id":112,"date":"2024-02-23T21:30:18","date_gmt":"2024-02-23T20:30:18","guid":{"rendered":"https:\/\/circ-residences-hollywood.com\/?page_id=112"},"modified":"2024-02-28T14:24:20","modified_gmt":"2024-02-28T19:24:20","slug":"prices","status":"publish","type":"page","link":"https:\/\/circ-residences-hollywood.com\/es\/precios\/","title":{"rendered":"Precios"},"content":{"rendered":"<div data-elementor-type=\"wp-page\" data-elementor-id=\"112\" class=\"elementor elementor-112\" data-elementor-post-type=\"page\">\n\t\t\t\t<div class=\"elementor-element elementor-element-b95a7db e-flex e-con-boxed e-con e-parent\" data-id=\"b95a7db\" data-element_type=\"container\">\n\t\t\t\t\t<div class=\"e-con-inner\">\n\t\t\t\t<div class=\"elementor-element elementor-element-d5e680c natiivo-ul elementor-widget__width-initial elementor-widget elementor-widget-text-editor\" data-id=\"d5e680c\" data-element_type=\"widget\" data-widget_type=\"text-editor.default\">\n\t\t\t\t<div class=\"elementor-widget-container\">\n\t\t\t\t\t\t\t\t\t<p>Todos los precios est\u00e1n sujetos a cambios en cualquier momento sin previo aviso y no incluyen caracter\u00edsticas opcionales o primas para unidades mejoradas. Consulte con el centro de ventas para conocer los precios m\u00e1s actuales.\u00a0<\/p>\t\t\t\t\t\t\t\t<\/div>\n\t\t\t\t<\/div>\n\t\t\t\t\t<\/div>\n\t\t\t\t<\/div>\n\t\t<div class=\"elementor-element elementor-element-a416db4 e-flex e-con-boxed e-con e-parent\" data-id=\"a416db4\" data-element_type=\"container\">\n\t\t\t\t\t<div class=\"e-con-inner\">\n\t\t\t\t<div class=\"elementor-element elementor-element-7b79a2b elementor-widget elementor-widget-shortcode\" data-id=\"7b79a2b\" data-element_type=\"widget\" data-widget_type=\"shortcode.default\">\n\t\t\t\t<div class=\"elementor-widget-container\">\n\t\t\t\t\t\t\t<div class=\"elementor-shortcode\"><\/div>\n\t\t\t\t\t\t<\/div>\n\t\t\t\t<\/div>\n\t\t\t\t\t<\/div>\n\t\t\t\t<\/div>\n\t\t\t\t<\/div>","protected":false},"excerpt":{"rendered":"<p>Todos los precios est\u00e1n sujetos a cambios en cualquier momento sin previo aviso y no incluyen caracter\u00edsticas opcionales o primas para unidades mejoradas. Consulte con el centro de ventas para conocer los precios m\u00e1s actuales.\u00a0<\/p>","protected":false},"author":1,"featured_media":0,"parent":0,"menu_order":0,"comment_status":"closed","ping_status":"closed","template":"","meta":{"_acf_changed":false,"inline_featured_image":false,"footnotes":"","_joinchat":[]},"acf":[],"yoast_head":"<!-- This site is optimized with the Yoast SEO plugin v23.5 - https:\/\/yoast.com\/wordpress\/plugins\/seo\/ -->\n<title>Prices - Circle Residences Hollywood<\/title>\n<meta name=\"robots\" content=\"index, follow, max-snippet:-1, max-image-preview:large, max-video-preview:-1\" \/>\n<link rel=\"canonical\" href=\"https:\/\/circ-residences-hollywood.com\/es\/precios\/\" \/>\n<meta property=\"og:locale\" content=\"es_ES\" \/>\n<meta property=\"og:type\" content=\"article\" \/>\n<meta property=\"og:title\" content=\"Prices - Circle Residences Hollywood\" \/>\n<meta property=\"og:description\" content=\"All prices are subject to change at any time without notice and do not include optional features or premiums for upgraded units. Please check with the sales center for the most current pricing.is taking new heights.\u00a0\" \/>\n<meta property=\"og:url\" content=\"https:\/\/circ-residences-hollywood.com\/es\/precios\/\" \/>\n<meta property=\"og:site_name\" content=\"Circle Residences Hollywood\" \/>\n<meta property=\"article:modified_time\" content=\"2024-02-28T19:24:20+00:00\" \/>\n<meta name=\"twitter:card\" content=\"summary_large_image\" \/>\n<meta name=\"twitter:label1\" content=\"Tiempo de lectura\" \/>\n\t<meta name=\"twitter:data1\" content=\"1 minuto\" \/>\n<script type=\"application\/ld+json\" class=\"yoast-schema-graph\">{\"@context\":\"https:\/\/schema.org\",\"@graph\":[{\"@type\":\"WebPage\",\"@id\":\"https:\/\/circ-residences-hollywood.com\/prices\/\",\"url\":\"https:\/\/circ-residences-hollywood.com\/prices\/\",\"name\":\"Prices - Circle Residences Hollywood\",\"isPartOf\":{\"@id\":\"https:\/\/circ-residences-hollywood.com\/#website\"},\"datePublished\":\"2024-02-23T20:30:18+00:00\",\"dateModified\":\"2024-02-28T19:24:20+00:00\",\"breadcrumb\":{\"@id\":\"https:\/\/circ-residences-hollywood.com\/prices\/#breadcrumb\"},\"inLanguage\":\"es\",\"potentialAction\":[{\"@type\":\"ReadAction\",\"target\":[\"https:\/\/circ-residences-hollywood.com\/prices\/\"]}]},{\"@type\":\"BreadcrumbList\",\"@id\":\"https:\/\/circ-residences-hollywood.com\/prices\/#breadcrumb\",\"itemListElement\":[{\"@type\":\"ListItem\",\"position\":1,\"name\":\"Home\",\"item\":\"https:\/\/circ-residences-hollywood.com\/\"},{\"@type\":\"ListItem\",\"position\":2,\"name\":\"Prices\"}]},{\"@type\":\"WebSite\",\"@id\":\"https:\/\/circ-residences-hollywood.com\/#website\",\"url\":\"https:\/\/circ-residences-hollywood.com\/\",\"name\":\"Circle Residences Hollywood\",\"description\":\"\",\"potentialAction\":[{\"@type\":\"SearchAction\",\"target\":{\"@type\":\"EntryPoint\",\"urlTemplate\":\"https:\/\/circ-residences-hollywood.com\/?s={search_term_string}\"},\"query-input\":{\"@type\":\"PropertyValueSpecification\",\"valueRequired\":true,\"valueName\":\"search_term_string\"}}],\"inLanguage\":\"es\"}]}<\/script>\n<!-- \/ Yoast SEO plugin. -->","yoast_head_json":{"title":"Prices - Circle Residences Hollywood","robots":{"index":"index","follow":"follow","max-snippet":"max-snippet:-1","max-image-preview":"max-image-preview:large","max-video-preview":"max-video-preview:-1"},"canonical":"https:\/\/circ-residences-hollywood.com\/es\/precios\/","og_locale":"es_ES","og_type":"article","og_title":"Prices - Circle Residences Hollywood","og_description":"All prices are subject to change at any time without notice and do not include optional features or premiums for upgraded units. Please check with the sales center for the most current pricing.is taking new heights.\u00a0","og_url":"https:\/\/circ-residences-hollywood.com\/es\/precios\/","og_site_name":"Circle Residences Hollywood","article_modified_time":"2024-02-28T19:24:20+00:00","twitter_card":"summary_large_image","twitter_misc":{"Tiempo de lectura":"1 minuto"},"schema":{"@context":"https:\/\/schema.org","@graph":[{"@type":"WebPage","@id":"https:\/\/circ-residences-hollywood.com\/prices\/","url":"https:\/\/circ-residences-hollywood.com\/prices\/","name":"Prices - Circle Residences Hollywood","isPartOf":{"@id":"https:\/\/circ-residences-hollywood.com\/#website"},"datePublished":"2024-02-23T20:30:18+00:00","dateModified":"2024-02-28T19:24:20+00:00","breadcrumb":{"@id":"https:\/\/circ-residences-hollywood.com\/prices\/#breadcrumb"},"inLanguage":"es","potentialAction":[{"@type":"ReadAction","target":["https:\/\/circ-residences-hollywood.com\/prices\/"]}]},{"@type":"BreadcrumbList","@id":"https:\/\/circ-residences-hollywood.com\/prices\/#breadcrumb","itemListElement":[{"@type":"ListItem","position":1,"name":"Home","item":"https:\/\/circ-residences-hollywood.com\/"},{"@type":"ListItem","position":2,"name":"Prices"}]},{"@type":"WebSite","@id":"https:\/\/circ-residences-hollywood.com\/#website","url":"https:\/\/circ-residences-hollywood.com\/","name":"Circle Residences Hollywood","description":"","potentialAction":[{"@type":"SearchAction","target":{"@type":"EntryPoint","urlTemplate":"https:\/\/circ-residences-hollywood.com\/?s={search_term_string}"},"query-input":{"@type":"PropertyValueSpecification","valueRequired":true,"valueName":"search_term_string"}}],"inLanguage":"es"}]}},"_links":{"self":[{"href":"https:\/\/circ-residences-hollywood.com\/es\/wp-json\/wp\/v2\/pages\/112"}],"collection":[{"href":"https:\/\/circ-residences-hollywood.com\/es\/wp-json\/wp\/v2\/pages"}],"about":[{"href":"https:\/\/circ-residences-hollywood.com\/es\/wp-json\/wp\/v2\/types\/page"}],"author":[{"embeddable":true,"href":"https:\/\/circ-residences-hollywood.com\/es\/wp-json\/wp\/v2\/users\/1"}],"replies":[{"embeddable":true,"href":"https:\/\/circ-residences-hollywood.com\/es\/wp-json\/wp\/v2\/comments?post=112"}],"version-history":[{"count":49,"href":"https:\/\/circ-residences-hollywood.com\/es\/wp-json\/wp\/v2\/pages\/112\/revisions"}],"predecessor-version":[{"id":718,"href":"https:\/\/circ-residences-hollywood.com\/es\/wp-json\/wp\/v2\/pages\/112\/revisions\/718"}],"wp:attachment":[{"href":"https:\/\/circ-residences-hollywood.com\/es\/wp-json\/wp\/v2\/media?parent=112"}],"curies":[{"name":"wp","href":"https:\/\/api.w.org\/{rel}","templated":true}]}}